{"id":254,"date":"2024-11-16T15:48:52","date_gmt":"2024-11-16T14:48:52","guid":{"rendered":"http:\/\/www.mathilde-bourdon.fr\/?page_id=254"},"modified":"2026-03-29T14:53:04","modified_gmt":"2026-03-29T12:53:04","slug":"alternance-charnay-basket","status":"publish","type":"page","link":"https:\/\/www.mathilde-bourdon.fr\/index.php\/alternance-charnay-basket\/","title":{"rendered":"Alternance Charnay Basket"},"content":{"rendered":"\t\t<div data-elementor-type=\"wp-page\" data-elementor-id=\"254\" class=\"elementor elementor-254\">\n\t\t\t\t<div class=\"elementor-element elementor-element-f14419c e-flex e-con-boxed wpr-particle-no wpr-jarallax-no wpr-parallax-no wpr-sticky-section-no e-con e-parent\" data-id=\"f14419c\" data-element_type=\"container\" data-e-type=\"container\" data-settings=\"{&quot;background_background&quot;:&quot;slideshow&quot;,&quot;background_slideshow_gallery&quot;:[{&quot;id&quot;:1089,&quot;url&quot;:&quot;http:\\\/\\\/www.mathilde-bourdon.fr\\\/wp-content\\\/uploads\\\/2026\\\/03\\\/Capture-decran-2026-03-29-a-14.47.17-e1774788476817.png&quot;}],&quot;background_slideshow_loop&quot;:&quot;yes&quot;,&quot;background_slideshow_slide_duration&quot;:5000,&quot;background_slideshow_slide_transition&quot;:&quot;fade&quot;,&quot;background_slideshow_transition_duration&quot;:500}\">\n\t\t\t\t\t<div class=\"e-con-inner\">\n\t\t\t\t<div class=\"elementor-element elementor-element-52ac567 elementor-widget elementor-widget-heading\" data-id=\"52ac567\" data-element_type=\"widget\" data-e-type=\"widget\" data-widget_type=\"heading.default\">\n\t\t\t\t<div class=\"elementor-widget-container\">\n\t\t\t\t\t<h2 class=\"elementor-heading-title elementor-size-default\"><br><br>ALTERNANCE CHARNAY BASKET<\/h2>\t\t\t\t<\/div>\n\t\t\t\t<\/div>\n\t\t\t\t\t<\/div>\n\t\t\t\t<\/div>\n\t\t<div class=\"elementor-element elementor-element-dbed6ec e-flex e-con-boxed wpr-particle-no wpr-jarallax-no wpr-parallax-no wpr-sticky-section-no e-con e-parent\" data-id=\"dbed6ec\" data-element_type=\"container\" data-e-type=\"container\">\n\t\t\t\t\t<div class=\"e-con-inner\">\n\t\t\t\t<div class=\"elementor-element elementor-element-49926ae elementor-widget elementor-widget-spacer\" data-id=\"49926ae\" data-element_type=\"widget\" data-e-type=\"widget\" data-widget_type=\"spacer.default\">\n\t\t\t\t<div class=\"elementor-widget-container\">\n\t\t\t\t\t\t\t<div class=\"elementor-spacer\">\n\t\t\t<div class=\"elementor-spacer-inner\"><\/div>\n\t\t<\/div>\n\t\t\t\t\t\t<\/div>\n\t\t\t\t<\/div>\n\t\t\t\t\t<\/div>\n\t\t\t\t<\/div>\n\t\t<div class=\"elementor-element elementor-element-5bde747 e-flex e-con-boxed wpr-particle-no wpr-jarallax-no wpr-parallax-no wpr-sticky-section-no e-con e-parent\" data-id=\"5bde747\" data-element_type=\"container\" data-e-type=\"container\">\n\t\t\t\t\t<div class=\"e-con-inner\">\n\t\t\t\t<div class=\"elementor-element elementor-element-7c51969 elementor-widget elementor-widget-text-editor\" data-id=\"7c51969\" data-element_type=\"widget\" data-e-type=\"widget\" data-widget_type=\"text-editor.default\">\n\t\t\t\t<div class=\"elementor-widget-container\">\n\t\t\t\t\t\t\t\t\t<p>Un r\u00eave devenu r\u00e9alit\u00e9<\/p><p>Je suis fi\u00e8re de pouvoir dire que j&rsquo;ai enfin r\u00e9alis\u00e9 l&rsquo;un de mes plus grands r\u00eaves : devenir Community Manager au sein d&rsquo;un club professionnel f\u00e9minin de basketball, le Charnay Basket.<\/p><p>En alternance sur ce poste, je m&rsquo;\u00e9panouis pleinement dans un environnement qui me passionne. Chaque jour, je m&rsquo;occupe de toute la strat\u00e9gie de communication digitale du club: cr\u00e9ation graphique, photos, vid\u00e9os, stories, publications&#8230; Je donne vie \u00e0 nos contenus pour faire vibrer notre communaut\u00e9 et renforcer le lien entre les fans et l&rsquo;\u00e9quipe.<\/p><p>Je g\u00e8re l&rsquo;ensemble des r\u00e9seaux sociaux, en veillant \u00e0 ce que chaque message, chaque visuel, chaque moment partag\u00e9 refl\u00e8te les valeurs et l&rsquo;\u00e9nergie du club. C&rsquo;est bien plus qu&rsquo;un job : c&rsquo;est une mission qui me tient \u00e0 c\u0153ur et que je vis \u00e0 100<\/p><p>\u00a0<\/p>\t\t\t\t\t\t\t\t<\/div>\n\t\t\t\t<\/div>\n\t\t\t\t\t<\/div>\n\t\t\t\t<\/div>\n\t\t<div class=\"elementor-element elementor-element-0a0c301 e-flex e-con-boxed wpr-particle-no wpr-jarallax-no wpr-parallax-no wpr-sticky-section-no e-con e-parent\" data-id=\"0a0c301\" data-element_type=\"container\" data-e-type=\"container\">\n\t\t\t\t\t<div class=\"e-con-inner\">\n\t\t\t\t<div class=\"elementor-element elementor-element-dcfa219 elementor-widget elementor-widget-heading\" data-id=\"dcfa219\" data-element_type=\"widget\" data-e-type=\"widget\" data-widget_type=\"heading.default\">\n\t\t\t\t<div class=\"elementor-widget-container\">\n\t\t\t\t\t<h2 class=\"elementor-heading-title elementor-size-default\">Pour voir mon travail \ud83d\udc47\ud83c\udffc<\/h2>\t\t\t\t<\/div>\n\t\t\t\t<\/div>\n\t\t\t\t<div class=\"elementor-element elementor-element-22614c2 elementor-widget elementor-widget-image\" data-id=\"22614c2\" data-element_type=\"widget\" data-e-type=\"widget\" data-widget_type=\"image.default\">\n\t\t\t\t<div class=\"elementor-widget-container\">\n\t\t\t\t\t\t\t\t\t\t\t\t\t\t\t<img decoding=\"async\" src=\"http:\/\/www.mathilde-bourdon.fr\/wp-content\/uploads\/2025\/05\/Capture-decran-2025-05-13-a-17.24.22.png\" title=\"\" alt=\"\" loading=\"lazy\" \/>\t\t\t\t\t\t\t\t\t\t\t\t\t\t\t<\/div>\n\t\t\t\t<\/div>\n\t\t\t\t<div class=\"elementor-element elementor-element-4cfe496 elementor-shape-rounded elementor-grid-0 e-grid-align-center elementor-widget elementor-widget-social-icons\" data-id=\"4cfe496\" data-element_type=\"widget\" data-e-type=\"widget\" data-widget_type=\"social-icons.default\">\n\t\t\t\t<div class=\"elementor-widget-container\">\n\t\t\t\t\t\t\t<div class=\"elementor-social-icons-wrapper elementor-grid\" role=\"list\">\n\t\t\t\t\t\t\t<span class=\"elementor-grid-item\" role=\"listitem\">\n\t\t\t\t\t<a class=\"elementor-icon elementor-social-icon elementor-social-icon-facebook elementor-repeater-item-c4c3075\" href=\"https:\/\/www.facebook.com\/cbbs.charnay\" target=\"_blank\">\n\t\t\t\t\t\t<span class=\"elementor-screen-only\">Facebook<\/span>\n\t\t\t\t\t\t<svg aria-hidden=\"true\" class=\"e-font-icon-svg e-fab-facebook\" viewBox=\"0 0 512 512\" xmlns=\"http:\/\/www.w3.org\/2000\/svg\"><path d=\"M504 256C504 119 393 8 256 8S8 119 8 256c0 123.78 90.69 226.38 209.25 245V327.69h-63V256h63v-54.64c0-62.15 37-96.48 93.67-96.48 27.14 0 55.52 4.84 55.52 4.84v61h-31.28c-30.8 0-40.41 19.12-40.41 38.73V256h68.78l-11 71.69h-57.78V501C413.31 482.38 504 379.78 504 256z\"><\/path><\/svg>\t\t\t\t\t<\/a>\n\t\t\t\t<\/span>\n\t\t\t\t\t\t\t<span class=\"elementor-grid-item\" role=\"listitem\">\n\t\t\t\t\t<a class=\"elementor-icon elementor-social-icon elementor-social-icon-youtube elementor-repeater-item-2b5cce9\" href=\"https:\/\/www.youtube.com\/@cbbslive8185\" target=\"_blank\">\n\t\t\t\t\t\t<span class=\"elementor-screen-only\">Youtube<\/span>\n\t\t\t\t\t\t<svg aria-hidden=\"true\" class=\"e-font-icon-svg e-fab-youtube\" viewBox=\"0 0 576 512\" xmlns=\"http:\/\/www.w3.org\/2000\/svg\"><path d=\"M549.655 124.083c-6.281-23.65-24.787-42.276-48.284-48.597C458.781 64 288 64 288 64S117.22 64 74.629 75.486c-23.497 6.322-42.003 24.947-48.284 48.597-11.412 42.867-11.412 132.305-11.412 132.305s0 89.438 11.412 132.305c6.281 23.65 24.787 41.5 48.284 47.821C117.22 448 288 448 288 448s170.78 0 213.371-11.486c23.497-6.321 42.003-24.171 48.284-47.821 11.412-42.867 11.412-132.305 11.412-132.305s0-89.438-11.412-132.305zm-317.51 213.508V175.185l142.739 81.205-142.739 81.201z\"><\/path><\/svg>\t\t\t\t\t<\/a>\n\t\t\t\t<\/span>\n\t\t\t\t\t\t\t<span class=\"elementor-grid-item\" role=\"listitem\">\n\t\t\t\t\t<a class=\"elementor-icon elementor-social-icon elementor-social-icon-instagram elementor-repeater-item-b6735f8\" href=\"https:\/\/www.instagram.com\/charnaybasket\/\" target=\"_blank\">\n\t\t\t\t\t\t<span class=\"elementor-screen-only\">Instagram<\/span>\n\t\t\t\t\t\t<svg aria-hidden=\"true\" class=\"e-font-icon-svg e-fab-instagram\" viewBox=\"0 0 448 512\" xmlns=\"http:\/\/www.w3.org\/2000\/svg\"><path d=\"M224.1 141c-63.6 0-114.9 51.3-114.9 114.9s51.3 114.9 114.9 114.9S339 319.5 339 255.9 287.7 141 224.1 141zm0 189.6c-41.1 0-74.7-33.5-74.7-74.7s33.5-74.7 74.7-74.7 74.7 33.5 74.7 74.7-33.6 74.7-74.7 74.7zm146.4-194.3c0 14.9-12 26.8-26.8 26.8-14.9 0-26.8-12-26.8-26.8s12-26.8 26.8-26.8 26.8 12 26.8 26.8zm76.1 27.2c-1.7-35.9-9.9-67.7-36.2-93.9-26.2-26.2-58-34.4-93.9-36.2-37-2.1-147.9-2.1-184.9 0-35.8 1.7-67.6 9.9-93.9 36.1s-34.4 58-36.2 93.9c-2.1 37-2.1 147.9 0 184.9 1.7 35.9 9.9 67.7 36.2 93.9s58 34.4 93.9 36.2c37 2.1 147.9 2.1 184.9 0 35.9-1.7 67.7-9.9 93.9-36.2 26.2-26.2 34.4-58 36.2-93.9 2.1-37 2.1-147.8 0-184.8zM398.8 388c-7.8 19.6-22.9 34.7-42.6 42.6-29.5 11.7-99.5 9-132.1 9s-102.7 2.6-132.1-9c-19.6-7.8-34.7-22.9-42.6-42.6-11.7-29.5-9-99.5-9-132.1s-2.6-102.7 9-132.1c7.8-19.6 22.9-34.7 42.6-42.6 29.5-11.7 99.5-9 132.1-9s102.7-2.6 132.1 9c19.6 7.8 34.7 22.9 42.6 42.6 11.7 29.5 9 99.5 9 132.1s2.7 102.7-9 132.1z\"><\/path><\/svg>\t\t\t\t\t<\/a>\n\t\t\t\t<\/span>\n\t\t\t\t\t\t\t<span class=\"elementor-grid-item\" role=\"listitem\">\n\t\t\t\t\t<a class=\"elementor-icon elementor-social-icon elementor-social-icon-tiktok elementor-repeater-item-909d7bc\" href=\"https:\/\/www.tiktok.com\/@charnaybasketoffi\" target=\"_blank\">\n\t\t\t\t\t\t<span class=\"elementor-screen-only\">Tiktok<\/span>\n\t\t\t\t\t\t<svg aria-hidden=\"true\" class=\"e-font-icon-svg e-fab-tiktok\" viewBox=\"0 0 448 512\" xmlns=\"http:\/\/www.w3.org\/2000\/svg\"><path d=\"M448,209.91a210.06,210.06,0,0,1-122.77-39.25V349.38A162.55,162.55,0,1,1,185,188.31V278.2a74.62,74.62,0,1,0,52.23,71.18V0l88,0a121.18,121.18,0,0,0,1.86,22.17h0A122.18,122.18,0,0,0,381,102.39a121.43,121.43,0,0,0,67,20.14Z\"><\/path><\/svg>\t\t\t\t\t<\/a>\n\t\t\t\t<\/span>\n\t\t\t\t\t<\/div>\n\t\t\t\t\t\t<\/div>\n\t\t\t\t<\/div>\n\t\t\t\t\t<\/div>\n\t\t\t\t<\/div>\n\t\t<div class=\"elementor-element elementor-element-f98fa2c e-flex e-con-boxed wpr-particle-no wpr-jarallax-no wpr-parallax-no wpr-sticky-section-no e-con e-parent\" data-id=\"f98fa2c\" data-element_type=\"container\" data-e-type=\"container\">\n\t\t\t\t\t<div class=\"e-con-inner\">\n\t\t\t\t<div class=\"elementor-element elementor-element-91a5ffe elementor-widget elementor-widget-image\" data-id=\"91a5ffe\" data-element_type=\"widget\" data-e-type=\"widget\" data-widget_type=\"image.default\">\n\t\t\t\t<div class=\"elementor-widget-container\">\n\t\t\t\t\t\t\t\t\t\t\t\t\t\t\t<img decoding=\"async\" src=\"http:\/\/www.mathilde-bourdon.fr\/wp-content\/uploads\/2025\/05\/Capture-decran-2025-05-13-a-17.24.43.png\" title=\"\" alt=\"\" loading=\"lazy\" \/>\t\t\t\t\t\t\t\t\t\t\t\t\t\t\t<\/div>\n\t\t\t\t<\/div>\n\t\t\t\t\t<\/div>\n\t\t\t\t<\/div>\n\t\t<div class=\"elementor-element elementor-element-8fa0e65 e-flex e-con-boxed wpr-particle-no wpr-jarallax-no wpr-parallax-no wpr-sticky-section-no e-con e-parent\" data-id=\"8fa0e65\" data-element_type=\"container\" data-e-type=\"container\">\n\t\t\t\t\t<div class=\"e-con-inner\">\n\t\t\t\t<div class=\"elementor-element elementor-element-65e419d elementor-widget elementor-widget-image\" data-id=\"65e419d\" data-element_type=\"widget\" data-e-type=\"widget\" data-widget_type=\"image.default\">\n\t\t\t\t<div class=\"elementor-widget-container\">\n\t\t\t\t\t\t\t\t\t\t\t\t\t\t\t<img decoding=\"async\" src=\"http:\/\/www.mathilde-bourdon.fr\/wp-content\/uploads\/2025\/05\/Capture-decran-2025-05-13-a-17.24.36.png\" title=\"\" alt=\"\" loading=\"lazy\" \/>\t\t\t\t\t\t\t\t\t\t\t\t\t\t\t<\/div>\n\t\t\t\t<\/div>\n\t\t\t\t\t<\/div>\n\t\t\t\t<\/div>\n\t\t<div class=\"elementor-element elementor-element-94ea427 e-flex e-con-boxed wpr-particle-no wpr-jarallax-no wpr-parallax-no wpr-sticky-section-no e-con e-parent\" data-id=\"94ea427\" data-element_type=\"container\" data-e-type=\"container\">\n\t\t\t\t\t<div class=\"e-con-inner\">\n\t\t\t\t<div class=\"elementor-element elementor-element-f1a03fc elementor-widget elementor-widget-image\" data-id=\"f1a03fc\" data-element_type=\"widget\" data-e-type=\"widget\" data-widget_type=\"image.default\">\n\t\t\t\t<div class=\"elementor-widget-container\">\n\t\t\t\t\t\t\t\t\t\t\t\t\t\t\t<img decoding=\"async\" src=\"http:\/\/www.mathilde-bourdon.fr\/wp-content\/uploads\/2025\/05\/Capture-decran-2025-05-13-a-17.24.51.png\" title=\"\" alt=\"\" loading=\"lazy\" \/>\t\t\t\t\t\t\t\t\t\t\t\t\t\t\t<\/div>\n\t\t\t\t<\/div>\n\t\t\t\t\t<\/div>\n\t\t\t\t<\/div>\n\t\t<div class=\"elementor-element elementor-element-acdae00 e-flex e-con-boxed wpr-particle-no wpr-jarallax-no wpr-parallax-no wpr-sticky-section-no e-con e-parent\" data-id=\"acdae00\" data-element_type=\"container\" data-e-type=\"container\">\n\t\t\t\t\t<div class=\"e-con-inner\">\n\t\t<div class=\"elementor-element elementor-element-926d9c3 e-con-full e-flex wpr-particle-no wpr-jarallax-no wpr-parallax-no wpr-sticky-section-no e-con e-child\" data-id=\"926d9c3\" data-element_type=\"container\" data-e-type=\"container\">\n\t\t\t\t<div class=\"elementor-element elementor-element-f5d9f5d elementor-align-center elementor-widget elementor-widget-button\" data-id=\"f5d9f5d\" data-element_type=\"widget\" data-e-type=\"widget\" data-widget_type=\"button.default\">\n\t\t\t\t<div class=\"elementor-widget-container\">\n\t\t\t\t\t\t\t\t\t<div class=\"elementor-button-wrapper\">\n\t\t\t\t\t<a class=\"elementor-button elementor-button-link elementor-size-sm\" href=\"https:\/\/www.mathilde-bourdon.fr\/index.php\/formation\/\">\n\t\t\t\t\t\t<span class=\"elementor-button-content-wrapper\">\n\t\t\t\t\t\t\t\t\t<span class=\"elementor-button-text\">Formation<\/span>\n\t\t\t\t\t<\/span>\n\t\t\t\t\t<\/a>\n\t\t\t\t<\/div>\n\t\t\t\t\t\t\t\t<\/div>\n\t\t\t\t<\/div>\n\t\t\t\t<\/div>\n\t\t<div class=\"elementor-element elementor-element-506baa9 e-con-full e-flex wpr-particle-no wpr-jarallax-no wpr-parallax-no wpr-sticky-section-no e-con e-child\" data-id=\"506baa9\" data-element_type=\"container\" data-e-type=\"container\">\n\t\t\t\t<div class=\"elementor-element elementor-element-789fc31 elementor-align-center elementor-widget elementor-widget-button\" data-id=\"789fc31\" data-element_type=\"widget\" data-e-type=\"widget\" data-widget_type=\"button.default\">\n\t\t\t\t<div class=\"elementor-widget-container\">\n\t\t\t\t\t\t\t\t\t<div class=\"elementor-button-wrapper\">\n\t\t\t\t\t<a class=\"elementor-button elementor-button-link elementor-size-sm\" href=\"https:\/\/www.mathilde-bourdon.fr\/index.php\/stage-jl-bourg\/\">\n\t\t\t\t\t\t<span class=\"elementor-button-content-wrapper\">\n\t\t\t\t\t\t\t\t\t<span class=\"elementor-button-text\">Stage JL BOURG<\/span>\n\t\t\t\t\t<\/span>\n\t\t\t\t\t<\/a>\n\t\t\t\t<\/div>\n\t\t\t\t\t\t\t\t<\/div>\n\t\t\t\t<\/div>\n\t\t\t\t<\/div>\n\t\t\t\t\t<\/div>\n\t\t\t\t<\/div>\n\t\t\t\t<\/div>\n\t\t","protected":false},"excerpt":{"rendered":"<p>ALTERNANCE CHARNAY BASKET Un r\u00eave devenu r\u00e9alit\u00e9 Je suis fi\u00e8re de pouvoir dire que j&rsquo;ai enfin r\u00e9alis\u00e9 l&rsquo;un de mes plus grands r\u00eaves : devenir Community Manager au sein d&rsquo;un club professionnel f\u00e9minin de basketball, le Charnay Basket. En alternance sur ce poste, je m&rsquo;\u00e9panouis pleinement dans un environnement qui me passionne. Chaque jour, je m&rsquo;occupe de toute la strat\u00e9gie de communication digitale du club: cr\u00e9ation graphique, photos, vid\u00e9os, stories, publications&#8230; Je donne vie \u00e0 nos contenus pour faire vibrer notre communaut\u00e9 et renforcer le lien entre les fans et l&rsquo;\u00e9quipe. Je g\u00e8re l&rsquo;ensemble des r\u00e9seaux sociaux, en veillant \u00e0 ce que chaque message, chaque visuel, chaque moment partag\u00e9 refl\u00e8te les valeurs et l&rsquo;\u00e9nergie du club. C&rsquo;est bien plus qu&rsquo;un job : c&rsquo;est une mission qui me tient \u00e0 c\u0153ur et que je vis \u00e0 100 \u00a0 Pour voir mon travail \ud83d\udc47\ud83c\udffc Facebook Youtube Instagram Tiktok Formation Stage JL BOURG<\/p>\n","protected":false},"author":1,"featured_media":0,"parent":0,"menu_order":0,"comment_status":"closed","ping_status":"closed","template":"","meta":{"inline_featured_image":false,"footnotes":""},"class_list":["post-254","page","type-page","status-publish","hentry"],"yoast_head":"<!-- This site is optimized with the Yoast SEO plugin v24.0 - https:\/\/yoast.com\/wordpress\/plugins\/seo\/ -->\n<title>Alternance Charnay Basket - WELCOME IN MY WORLD<\/title>\n<meta name=\"robots\" content=\"index, follow, max-snippet:-1, max-image-preview:large, max-video-preview:-1\" \/>\n<link rel=\"canonical\" href=\"https:\/\/www.mathilde-bourdon.fr\/index.php\/alternance-charnay-basket\/\" \/>\n<meta property=\"og:locale\" content=\"fr_FR\" \/>\n<meta property=\"og:type\" content=\"article\" \/>\n<meta property=\"og:title\" content=\"Alternance Charnay Basket - WELCOME IN MY WORLD\" \/>\n<meta property=\"og:description\" content=\"ALTERNANCE CHARNAY BASKET Un r\u00eave devenu r\u00e9alit\u00e9 Je suis fi\u00e8re de pouvoir dire que j&rsquo;ai enfin r\u00e9alis\u00e9 l&rsquo;un de mes plus grands r\u00eaves : devenir Community Manager au sein d&rsquo;un club professionnel f\u00e9minin de basketball, le Charnay Basket. En alternance sur ce poste, je m&rsquo;\u00e9panouis pleinement dans un environnement qui me passionne. Chaque jour, je m&rsquo;occupe de toute la strat\u00e9gie de communication digitale du club: cr\u00e9ation graphique, photos, vid\u00e9os, stories, publications&#8230; Je donne vie \u00e0 nos contenus pour faire vibrer notre communaut\u00e9 et renforcer le lien entre les fans et l&rsquo;\u00e9quipe. Je g\u00e8re l&rsquo;ensemble des r\u00e9seaux sociaux, en veillant \u00e0 ce que chaque message, chaque visuel, chaque moment partag\u00e9 refl\u00e8te les valeurs et l&rsquo;\u00e9nergie du club. C&rsquo;est bien plus qu&rsquo;un job : c&rsquo;est une mission qui me tient \u00e0 c\u0153ur et que je vis \u00e0 100 \u00a0 Pour voir mon travail \ud83d\udc47\ud83c\udffc Facebook Youtube Instagram Tiktok Formation Stage JL BOURG\" \/>\n<meta property=\"og:url\" content=\"https:\/\/www.mathilde-bourdon.fr\/index.php\/alternance-charnay-basket\/\" \/>\n<meta property=\"og:site_name\" content=\"WELCOME IN MY WORLD\" \/>\n<meta property=\"article:modified_time\" content=\"2026-03-29T12:53:04+00:00\" \/>\n<meta property=\"og:image\" content=\"http:\/\/www.mathilde-bourdon.fr\/wp-content\/uploads\/2025\/05\/Capture-decran-2025-05-13-a-17.24.22.png\" \/>\n<meta name=\"twitter:card\" content=\"summary_large_image\" \/>\n<meta name=\"twitter:label1\" content=\"Dur\u00e9e de lecture estim\u00e9e\" \/>\n\t<meta name=\"twitter:data1\" content=\"2 minutes\" \/>\n<script type=\"application\/ld+json\" class=\"yoast-schema-graph\">{\"@context\":\"https:\/\/schema.org\",\"@graph\":[{\"@type\":\"WebPage\",\"@id\":\"https:\/\/www.mathilde-bourdon.fr\/index.php\/alternance-charnay-basket\/\",\"url\":\"https:\/\/www.mathilde-bourdon.fr\/index.php\/alternance-charnay-basket\/\",\"name\":\"Alternance Charnay Basket - WELCOME IN MY WORLD\",\"isPartOf\":{\"@id\":\"https:\/\/www.mathilde-bourdon.fr\/#website\"},\"primaryImageOfPage\":{\"@id\":\"https:\/\/www.mathilde-bourdon.fr\/index.php\/alternance-charnay-basket\/#primaryimage\"},\"image\":{\"@id\":\"https:\/\/www.mathilde-bourdon.fr\/index.php\/alternance-charnay-basket\/#primaryimage\"},\"thumbnailUrl\":\"http:\/\/www.mathilde-bourdon.fr\/wp-content\/uploads\/2025\/05\/Capture-decran-2025-05-13-a-17.24.22.png\",\"datePublished\":\"2024-11-16T14:48:52+00:00\",\"dateModified\":\"2026-03-29T12:53:04+00:00\",\"breadcrumb\":{\"@id\":\"https:\/\/www.mathilde-bourdon.fr\/index.php\/alternance-charnay-basket\/#breadcrumb\"},\"inLanguage\":\"fr-FR\",\"potentialAction\":[{\"@type\":\"ReadAction\",\"target\":[\"https:\/\/www.mathilde-bourdon.fr\/index.php\/alternance-charnay-basket\/\"]}]},{\"@type\":\"ImageObject\",\"inLanguage\":\"fr-FR\",\"@id\":\"https:\/\/www.mathilde-bourdon.fr\/index.php\/alternance-charnay-basket\/#primaryimage\",\"url\":\"http:\/\/www.mathilde-bourdon.fr\/wp-content\/uploads\/2025\/05\/Capture-decran-2025-05-13-a-17.24.22.png\",\"contentUrl\":\"http:\/\/www.mathilde-bourdon.fr\/wp-content\/uploads\/2025\/05\/Capture-decran-2025-05-13-a-17.24.22.png\"},{\"@type\":\"BreadcrumbList\",\"@id\":\"https:\/\/www.mathilde-bourdon.fr\/index.php\/alternance-charnay-basket\/#breadcrumb\",\"itemListElement\":[{\"@type\":\"ListItem\",\"position\":1,\"name\":\"Accueil\",\"item\":\"https:\/\/www.mathilde-bourdon.fr\/\"},{\"@type\":\"ListItem\",\"position\":2,\"name\":\"Alternance Charnay Basket\"}]},{\"@type\":\"WebSite\",\"@id\":\"https:\/\/www.mathilde-bourdon.fr\/#website\",\"url\":\"https:\/\/www.mathilde-bourdon.fr\/\",\"name\":\"WELCOME IN MY WORLD\",\"description\":\"\",\"potentialAction\":[{\"@type\":\"SearchAction\",\"target\":{\"@type\":\"EntryPoint\",\"urlTemplate\":\"https:\/\/www.mathilde-bourdon.fr\/?s={search_term_string}\"},\"query-input\":{\"@type\":\"PropertyValueSpecification\",\"valueRequired\":true,\"valueName\":\"search_term_string\"}}],\"inLanguage\":\"fr-FR\"}]}<\/script>\n<!-- \/ Yoast SEO plugin. -->","yoast_head_json":{"title":"Alternance Charnay Basket - WELCOME IN MY WORLD","robots":{"index":"index","follow":"follow","max-snippet":"max-snippet:-1","max-image-preview":"max-image-preview:large","max-video-preview":"max-video-preview:-1"},"canonical":"https:\/\/www.mathilde-bourdon.fr\/index.php\/alternance-charnay-basket\/","og_locale":"fr_FR","og_type":"article","og_title":"Alternance Charnay Basket - WELCOME IN MY WORLD","og_description":"ALTERNANCE CHARNAY BASKET Un r\u00eave devenu r\u00e9alit\u00e9 Je suis fi\u00e8re de pouvoir dire que j&rsquo;ai enfin r\u00e9alis\u00e9 l&rsquo;un de mes plus grands r\u00eaves : devenir Community Manager au sein d&rsquo;un club professionnel f\u00e9minin de basketball, le Charnay Basket. En alternance sur ce poste, je m&rsquo;\u00e9panouis pleinement dans un environnement qui me passionne. Chaque jour, je m&rsquo;occupe de toute la strat\u00e9gie de communication digitale du club: cr\u00e9ation graphique, photos, vid\u00e9os, stories, publications&#8230; Je donne vie \u00e0 nos contenus pour faire vibrer notre communaut\u00e9 et renforcer le lien entre les fans et l&rsquo;\u00e9quipe. Je g\u00e8re l&rsquo;ensemble des r\u00e9seaux sociaux, en veillant \u00e0 ce que chaque message, chaque visuel, chaque moment partag\u00e9 refl\u00e8te les valeurs et l&rsquo;\u00e9nergie du club. C&rsquo;est bien plus qu&rsquo;un job : c&rsquo;est une mission qui me tient \u00e0 c\u0153ur et que je vis \u00e0 100 \u00a0 Pour voir mon travail \ud83d\udc47\ud83c\udffc Facebook Youtube Instagram Tiktok Formation Stage JL BOURG","og_url":"https:\/\/www.mathilde-bourdon.fr\/index.php\/alternance-charnay-basket\/","og_site_name":"WELCOME IN MY WORLD","article_modified_time":"2026-03-29T12:53:04+00:00","og_image":[{"url":"http:\/\/www.mathilde-bourdon.fr\/wp-content\/uploads\/2025\/05\/Capture-decran-2025-05-13-a-17.24.22.png","type":"","width":"","height":""}],"twitter_card":"summary_large_image","twitter_misc":{"Dur\u00e9e de lecture estim\u00e9e":"2 minutes"},"schema":{"@context":"https:\/\/schema.org","@graph":[{"@type":"WebPage","@id":"https:\/\/www.mathilde-bourdon.fr\/index.php\/alternance-charnay-basket\/","url":"https:\/\/www.mathilde-bourdon.fr\/index.php\/alternance-charnay-basket\/","name":"Alternance Charnay Basket - WELCOME IN MY WORLD","isPartOf":{"@id":"https:\/\/www.mathilde-bourdon.fr\/#website"},"primaryImageOfPage":{"@id":"https:\/\/www.mathilde-bourdon.fr\/index.php\/alternance-charnay-basket\/#primaryimage"},"image":{"@id":"https:\/\/www.mathilde-bourdon.fr\/index.php\/alternance-charnay-basket\/#primaryimage"},"thumbnailUrl":"http:\/\/www.mathilde-bourdon.fr\/wp-content\/uploads\/2025\/05\/Capture-decran-2025-05-13-a-17.24.22.png","datePublished":"2024-11-16T14:48:52+00:00","dateModified":"2026-03-29T12:53:04+00:00","breadcrumb":{"@id":"https:\/\/www.mathilde-bourdon.fr\/index.php\/alternance-charnay-basket\/#breadcrumb"},"inLanguage":"fr-FR","potentialAction":[{"@type":"ReadAction","target":["https:\/\/www.mathilde-bourdon.fr\/index.php\/alternance-charnay-basket\/"]}]},{"@type":"ImageObject","inLanguage":"fr-FR","@id":"https:\/\/www.mathilde-bourdon.fr\/index.php\/alternance-charnay-basket\/#primaryimage","url":"http:\/\/www.mathilde-bourdon.fr\/wp-content\/uploads\/2025\/05\/Capture-decran-2025-05-13-a-17.24.22.png","contentUrl":"http:\/\/www.mathilde-bourdon.fr\/wp-content\/uploads\/2025\/05\/Capture-decran-2025-05-13-a-17.24.22.png"},{"@type":"BreadcrumbList","@id":"https:\/\/www.mathilde-bourdon.fr\/index.php\/alternance-charnay-basket\/#breadcrumb","itemListElement":[{"@type":"ListItem","position":1,"name":"Accueil","item":"https:\/\/www.mathilde-bourdon.fr\/"},{"@type":"ListItem","position":2,"name":"Alternance Charnay Basket"}]},{"@type":"WebSite","@id":"https:\/\/www.mathilde-bourdon.fr\/#website","url":"https:\/\/www.mathilde-bourdon.fr\/","name":"WELCOME IN MY WORLD","description":"","potentialAction":[{"@type":"SearchAction","target":{"@type":"EntryPoint","urlTemplate":"https:\/\/www.mathilde-bourdon.fr\/?s={search_term_string}"},"query-input":{"@type":"PropertyValueSpecification","valueRequired":true,"valueName":"search_term_string"}}],"inLanguage":"fr-FR"}]}},"_links":{"self":[{"href":"https:\/\/www.mathilde-bourdon.fr\/index.php\/wp-json\/wp\/v2\/pages\/254","targetHints":{"allow":["GET"]}}],"collection":[{"href":"https:\/\/www.mathilde-bourdon.fr\/index.php\/wp-json\/wp\/v2\/pages"}],"about":[{"href":"https:\/\/www.mathilde-bourdon.fr\/index.php\/wp-json\/wp\/v2\/types\/page"}],"author":[{"embeddable":true,"href":"https:\/\/www.mathilde-bourdon.fr\/index.php\/wp-json\/wp\/v2\/users\/1"}],"replies":[{"embeddable":true,"href":"https:\/\/www.mathilde-bourdon.fr\/index.php\/wp-json\/wp\/v2\/comments?post=254"}],"version-history":[{"count":37,"href":"https:\/\/www.mathilde-bourdon.fr\/index.php\/wp-json\/wp\/v2\/pages\/254\/revisions"}],"predecessor-version":[{"id":1098,"href":"https:\/\/www.mathilde-bourdon.fr\/index.php\/wp-json\/wp\/v2\/pages\/254\/revisions\/1098"}],"wp:attachment":[{"href":"https:\/\/www.mathilde-bourdon.fr\/index.php\/wp-json\/wp\/v2\/media?parent=254"}],"curies":[{"name":"wp","href":"https:\/\/api.w.org\/{rel}","templated":true}]}}