{"id":264,"date":"2024-11-16T15:51:30","date_gmt":"2024-11-16T14:51:30","guid":{"rendered":"http:\/\/www.mathilde-bourdon.fr\/?page_id=264"},"modified":"2026-03-29T14:43:23","modified_gmt":"2026-03-29T12:43:23","slug":"formation","status":"publish","type":"page","link":"https:\/\/www.mathilde-bourdon.fr\/index.php\/formation\/","title":{"rendered":"Formation"},"content":{"rendered":"\t\t<div data-elementor-type=\"wp-page\" data-elementor-id=\"264\" class=\"elementor elementor-264\">\n\t\t\t\t<div class=\"elementor-element elementor-element-e7302ba e-flex e-con-boxed wpr-particle-no wpr-jarallax-no wpr-parallax-no wpr-sticky-section-no e-con e-parent\" data-id=\"e7302ba\" data-element_type=\"container\" data-e-type=\"container\">\n\t\t\t\t\t<div class=\"e-con-inner\">\n\t\t\t\t<div class=\"elementor-element elementor-element-fdb6281 elementor-widget elementor-widget-heading\" data-id=\"fdb6281\" data-element_type=\"widget\" data-e-type=\"widget\" data-widget_type=\"heading.default\">\n\t\t\t\t<div class=\"elementor-widget-container\">\n\t\t\t\t\t<h2 class=\"elementor-heading-title elementor-size-default\">Mon PARCOURS scolaire<\/h2>\t\t\t\t<\/div>\n\t\t\t\t<\/div>\n\t\t\t\t<div class=\"elementor-element elementor-element-ffd42a2 elementor-widget elementor-widget-spacer\" data-id=\"ffd42a2\" data-element_type=\"widget\" data-e-type=\"widget\" data-widget_type=\"spacer.default\">\n\t\t\t\t<div class=\"elementor-widget-container\">\n\t\t\t\t\t\t\t<div class=\"elementor-spacer\">\n\t\t\t<div class=\"elementor-spacer-inner\"><\/div>\n\t\t<\/div>\n\t\t\t\t\t\t<\/div>\n\t\t\t\t<\/div>\n\t\t\t\t<div class=\"elementor-element elementor-element-f053261 wpr-list-style-none elementor-widget elementor-widget-wpr-posts-timeline\" data-id=\"f053261\" data-element_type=\"widget\" data-e-type=\"widget\" data-settings=\"{&quot;animation_offset&quot;:150,&quot;aos_animation_duration&quot;:600}\" data-widget_type=\"wpr-posts-timeline.default\">\n\t\t\t\t<div class=\"elementor-widget-container\">\n\t\t\t\t\t\n\t\t<div class=\"wpr-wrapper wpr-vertical wpr-centered\">\n\t\t\t<div class=\"wpr-timeline-centered wpr-line wpr-both-sided-timeline\"><div class=\"wpr-middle-line\"><\/div><div class=\"wpr-timeline-fill\" data-layout=\"centered\"><\/div><article class=\"wpr-timeline-entry wpr-left-aligned elementor-repeater-item-1bb1533\" data-item-id=\"elementor-repeater-item-1bb1533\"><time class=\"wpr-extra-label\" data-aos=\"fade\" data-aos-left=\"\" data-aos-right=\"\" data-animation-offset=\"150\" data-animation-duration=\"600\"><span class=\"wpr-label\">2023-2026<\/span><span class=\"wpr-sub-label\">BUT INFOCOM (Parcours publicit\u00e9)<\/span><\/time><div class=\"wpr-timeline-entry-inner\"><div class=\"wpr-main-line-icon wpr-icon\"><\/div><div class=\"wpr-story-info-vertical wpr-data-wrap \"  data-aos=\"fade\" data-aos-left=\"\" data-aos-right=\"\" data-animation-offset=\"150\" data-animation-duration=\"600\"><div class=\"wpr-animation-wrap wpr-timeline-media\"><img fetchpriority=\"high\" decoding=\"async\" width=\"768\" height=\"814\" src=\"https:\/\/www.mathilde-bourdon.fr\/wp-content\/uploads\/2026\/03\/24FCC4F5-17AD-406D-8E7A-9807550405DF-scaled-e1774707633664-768x814.jpeg\" class=\"attachment-medium_large size-medium_large\" alt=\"\" srcset=\"https:\/\/www.mathilde-bourdon.fr\/wp-content\/uploads\/2026\/03\/24FCC4F5-17AD-406D-8E7A-9807550405DF-scaled-e1774707633664-768x814.jpeg 768w, https:\/\/www.mathilde-bourdon.fr\/wp-content\/uploads\/2026\/03\/24FCC4F5-17AD-406D-8E7A-9807550405DF-scaled-e1774707633664-283x300.jpeg 283w, https:\/\/www.mathilde-bourdon.fr\/wp-content\/uploads\/2026\/03\/24FCC4F5-17AD-406D-8E7A-9807550405DF-scaled-e1774707633664-966x1024.jpeg 966w, https:\/\/www.mathilde-bourdon.fr\/wp-content\/uploads\/2026\/03\/24FCC4F5-17AD-406D-8E7A-9807550405DF-scaled-e1774707633664-1448x1536.jpeg 1448w, https:\/\/www.mathilde-bourdon.fr\/wp-content\/uploads\/2026\/03\/24FCC4F5-17AD-406D-8E7A-9807550405DF-scaled-e1774707633664.jpeg 1702w\" sizes=\"100vw\" \/><\/div><div class=\"wpr-timeline-content-wrapper\"><div class=\"wpr-content-wrapper\"><div class=\"wpr-title-wrap\"><span class=\"wpr-title\">BUT INFOCOM (information &amp; communication)<\/span><\/div><div class=\"wpr-description\"><p>BUT info com \u00e0 Besan\u00e7on<\/p><\/div><\/div><\/div><\/div>\n\t\t\t\t\t\t<\/div>\n\t\t\t\t<\/article><span class=\"wpr-year-wrap\"><span class=\"wpr-year-label wpr-year\">2022<\/span><\/span><article class=\"wpr-timeline-entry wpr-right-aligned elementor-repeater-item-b605b2d\" data-item-id=\"elementor-repeater-item-b605b2d\"><time class=\"wpr-extra-label\" data-aos=\"fade\" data-aos-left=\"\" data-aos-right=\"\" data-animation-offset=\"150\" data-animation-duration=\"600\"><span class=\"wpr-label\">2022 - 2023<\/span><span class=\"wpr-sub-label\">1\u00e8re ann\u00e9e de BUT MMI<\/span><\/time><div class=\"wpr-timeline-entry-inner\"><div class=\"wpr-main-line-icon wpr-icon\"><\/div><div class=\"wpr-story-info-vertical wpr-data-wrap \"  data-aos=\"fade\" data-aos-left=\"\" data-aos-right=\"\" data-animation-offset=\"150\" data-animation-duration=\"600\"><div class=\"wpr-animation-wrap wpr-timeline-media\"><img decoding=\"async\" width=\"1702\" height=\"1562\" src=\"https:\/\/www.mathilde-bourdon.fr\/wp-content\/uploads\/2026\/03\/IMG_3111-1-scaled-e1774707709245.jpg\" class=\"attachment-full size-full\" alt=\"\" srcset=\"https:\/\/www.mathilde-bourdon.fr\/wp-content\/uploads\/2026\/03\/IMG_3111-1-scaled-e1774707709245.jpg 1702w, https:\/\/www.mathilde-bourdon.fr\/wp-content\/uploads\/2026\/03\/IMG_3111-1-scaled-e1774707709245-300x275.jpg 300w, https:\/\/www.mathilde-bourdon.fr\/wp-content\/uploads\/2026\/03\/IMG_3111-1-scaled-e1774707709245-1024x940.jpg 1024w, https:\/\/www.mathilde-bourdon.fr\/wp-content\/uploads\/2026\/03\/IMG_3111-1-scaled-e1774707709245-768x705.jpg 768w, https:\/\/www.mathilde-bourdon.fr\/wp-content\/uploads\/2026\/03\/IMG_3111-1-scaled-e1774707709245-1536x1410.jpg 1536w\" sizes=\"100vw\" \/><\/div><div class=\"wpr-timeline-content-wrapper\"><div class=\"wpr-content-wrapper\"><div class=\"wpr-title-wrap\"><span class=\"wpr-title\">BUT MMI (M\u00e9tiers du Multim\u00e9dia et de l&#039;Internet ) <\/span><\/div><div class=\"wpr-description\"><p>BUT \u00e0 Dijon<\/p><\/div><\/div><\/div><\/div>\n\t\t\t\t\t\t<\/div>\n\t\t\t\t<\/article><article class=\"wpr-timeline-entry wpr-left-aligned elementor-repeater-item-c50c003\" data-item-id=\"elementor-repeater-item-c50c003\"><time class=\"wpr-extra-label\" data-aos=\"fade\" data-aos-left=\"\" data-aos-right=\"\" data-animation-offset=\"150\" data-animation-duration=\"600\"><span class=\"wpr-label\">2021-2022<\/span><span class=\"wpr-sub-label\">BAC ST2S<\/span><\/time><div class=\"wpr-timeline-entry-inner\"><div class=\"wpr-main-line-icon wpr-icon\"><\/div><div class=\"wpr-story-info-vertical wpr-data-wrap \"  data-aos=\"fade\" data-aos-left=\"\" data-aos-right=\"\" data-animation-offset=\"150\" data-animation-duration=\"600\"><div class=\"wpr-animation-wrap wpr-timeline-media\"><img decoding=\"async\" width=\"1677\" height=\"2082\" src=\"https:\/\/www.mathilde-bourdon.fr\/wp-content\/uploads\/2026\/03\/IMG_4675-scaled-e1774707869252.jpg\" class=\"attachment-full size-full\" alt=\"\" srcset=\"https:\/\/www.mathilde-bourdon.fr\/wp-content\/uploads\/2026\/03\/IMG_4675-scaled-e1774707869252.jpg 1677w, https:\/\/www.mathilde-bourdon.fr\/wp-content\/uploads\/2026\/03\/IMG_4675-scaled-e1774707869252-242x300.jpg 242w, https:\/\/www.mathilde-bourdon.fr\/wp-content\/uploads\/2026\/03\/IMG_4675-scaled-e1774707869252-825x1024.jpg 825w, https:\/\/www.mathilde-bourdon.fr\/wp-content\/uploads\/2026\/03\/IMG_4675-scaled-e1774707869252-768x953.jpg 768w, https:\/\/www.mathilde-bourdon.fr\/wp-content\/uploads\/2026\/03\/IMG_4675-scaled-e1774707869252-1237x1536.jpg 1237w, https:\/\/www.mathilde-bourdon.fr\/wp-content\/uploads\/2026\/03\/IMG_4675-scaled-e1774707869252-1650x2048.jpg 1650w\" sizes=\"100vw\" \/><\/div><div class=\"wpr-timeline-content-wrapper\"><div class=\"wpr-content-wrapper\"><div class=\"wpr-title-wrap\"><span class=\"wpr-title\">BAC ST2S (Sant\u00e9 et Sociale)<\/span><\/div><div class=\"wpr-description\"><p>Lyc\u00e9e Aiguerande - Belleville en Beaujolais<\/p><\/div><\/div><\/div><\/div>\n\t\t\t\t\t\t<\/div>\n\t\t\t\t<\/article><\/div>    \n\t\t\t<\/div>\t\t\t\t<\/div>\n\t\t\t\t<\/div>\n\t\t\t\t\t<\/div>\n\t\t\t\t<\/div>\n\t\t<div class=\"elementor-element elementor-element-347c610 e-flex e-con-boxed wpr-particle-no wpr-jarallax-no wpr-parallax-no wpr-sticky-section-no e-con e-parent\" data-id=\"347c610\" data-element_type=\"container\" data-e-type=\"container\">\n\t\t\t\t\t<div class=\"e-con-inner\">\n\t\t<div class=\"elementor-element elementor-element-9f09e75 e-con-full e-flex wpr-particle-no wpr-jarallax-no wpr-parallax-no wpr-sticky-section-no e-con e-child\" data-id=\"9f09e75\" data-element_type=\"container\" data-e-type=\"container\">\n\t\t\t\t<div class=\"elementor-element elementor-element-6bc0934 elementor-align-center elementor-widget elementor-widget-button\" data-id=\"6bc0934\" data-element_type=\"widget\" data-e-type=\"widget\" data-widget_type=\"button.default\">\n\t\t\t\t<div class=\"elementor-widget-container\">\n\t\t\t\t\t\t\t\t\t<div class=\"elementor-button-wrapper\">\n\t\t\t\t\t<a class=\"elementor-button elementor-button-link elementor-size-sm\" href=\"https:\/\/www.mathilde-bourdon.fr\/index.php\/projet\/\">\n\t\t\t\t\t\t<span class=\"elementor-button-content-wrapper\">\n\t\t\t\t\t\t\t\t\t<span class=\"elementor-button-text\">Projet<\/span>\n\t\t\t\t\t<\/span>\n\t\t\t\t\t<\/a>\n\t\t\t\t<\/div>\n\t\t\t\t\t\t\t\t<\/div>\n\t\t\t\t<\/div>\n\t\t\t\t<\/div>\n\t\t<div class=\"elementor-element elementor-element-7e602b8 e-con-full e-flex wpr-particle-no wpr-jarallax-no wpr-parallax-no wpr-sticky-section-no e-con e-child\" data-id=\"7e602b8\" data-element_type=\"container\" data-e-type=\"container\">\n\t\t\t\t<\/div>\n\t\t\t\t\t<\/div>\n\t\t\t\t<\/div>\n\t\t\t\t<\/div>\n\t\t","protected":false},"excerpt":{"rendered":"<p>Mon PARCOURS scolaire 2023-2026BUT INFOCOM (Parcours publicit\u00e9)BUT INFOCOM (information &amp; communication) BUT info com \u00e0 Besan\u00e7on 2022 2022 &#8211; 20231\u00e8re ann\u00e9e de BUT MMIBUT MMI (M\u00e9tiers du Multim\u00e9dia et de l&#039;Internet ) BUT \u00e0 Dijon 2021-2022BAC ST2SBAC ST2S (Sant\u00e9 et Sociale) Lyc\u00e9e Aiguerande &#8211; Belleville en Beaujolais Projet<\/p>\n","protected":false},"author":1,"featured_media":0,"parent":0,"menu_order":0,"comment_status":"closed","ping_status":"closed","template":"","meta":{"inline_featured_image":false,"footnotes":""},"class_list":["post-264","page","type-page","status-publish","hentry"],"yoast_head":"<!-- This site is optimized with the Yoast SEO plugin v24.0 - https:\/\/yoast.com\/wordpress\/plugins\/seo\/ -->\n<title>Formation - WELCOME IN MY WORLD<\/title>\n<meta name=\"robots\" content=\"index, follow, max-snippet:-1, max-image-preview:large, max-video-preview:-1\" \/>\n<link rel=\"canonical\" href=\"https:\/\/www.mathilde-bourdon.fr\/index.php\/formation\/\" \/>\n<meta property=\"og:locale\" content=\"fr_FR\" \/>\n<meta property=\"og:type\" content=\"article\" \/>\n<meta property=\"og:title\" content=\"Formation - WELCOME IN MY WORLD\" \/>\n<meta property=\"og:description\" content=\"Mon PARCOURS scolaire 2023-2026BUT INFOCOM (Parcours publicit\u00e9)BUT INFOCOM (information &amp; communication) BUT info com \u00e0 Besan\u00e7on 2022 2022 &#8211; 20231\u00e8re ann\u00e9e de BUT MMIBUT MMI (M\u00e9tiers du Multim\u00e9dia et de l&#039;Internet ) BUT \u00e0 Dijon 2021-2022BAC ST2SBAC ST2S (Sant\u00e9 et Sociale) Lyc\u00e9e Aiguerande &#8211; Belleville en Beaujolais Projet\" \/>\n<meta property=\"og:url\" content=\"https:\/\/www.mathilde-bourdon.fr\/index.php\/formation\/\" \/>\n<meta property=\"og:site_name\" content=\"WELCOME IN MY WORLD\" \/>\n<meta property=\"article:modified_time\" content=\"2026-03-29T12:43:23+00:00\" \/>\n<meta property=\"og:image\" content=\"http:\/\/www.mathilde-bourdon.fr\/wp-content\/uploads\/2026\/03\/24FCC4F5-17AD-406D-8E7A-9807550405DF-scaled-e1774707633664-768x814.jpeg\" \/>\n<meta name=\"twitter:card\" content=\"summary_large_image\" \/>\n<meta name=\"twitter:label1\" content=\"Dur\u00e9e de lecture estim\u00e9e\" \/>\n\t<meta name=\"twitter:data1\" content=\"1 minute\" \/>\n<script type=\"application\/ld+json\" class=\"yoast-schema-graph\">{\"@context\":\"https:\/\/schema.org\",\"@graph\":[{\"@type\":\"WebPage\",\"@id\":\"https:\/\/www.mathilde-bourdon.fr\/index.php\/formation\/\",\"url\":\"https:\/\/www.mathilde-bourdon.fr\/index.php\/formation\/\",\"name\":\"Formation - WELCOME IN MY WORLD\",\"isPartOf\":{\"@id\":\"https:\/\/www.mathilde-bourdon.fr\/#website\"},\"primaryImageOfPage\":{\"@id\":\"https:\/\/www.mathilde-bourdon.fr\/index.php\/formation\/#primaryimage\"},\"image\":{\"@id\":\"https:\/\/www.mathilde-bourdon.fr\/index.php\/formation\/#primaryimage\"},\"thumbnailUrl\":\"http:\/\/www.mathilde-bourdon.fr\/wp-content\/uploads\/2026\/03\/24FCC4F5-17AD-406D-8E7A-9807550405DF-scaled-e1774707633664-768x814.jpeg\",\"datePublished\":\"2024-11-16T14:51:30+00:00\",\"dateModified\":\"2026-03-29T12:43:23+00:00\",\"breadcrumb\":{\"@id\":\"https:\/\/www.mathilde-bourdon.fr\/index.php\/formation\/#breadcrumb\"},\"inLanguage\":\"fr-FR\",\"potentialAction\":[{\"@type\":\"ReadAction\",\"target\":[\"https:\/\/www.mathilde-bourdon.fr\/index.php\/formation\/\"]}]},{\"@type\":\"ImageObject\",\"inLanguage\":\"fr-FR\",\"@id\":\"https:\/\/www.mathilde-bourdon.fr\/index.php\/formation\/#primaryimage\",\"url\":\"http:\/\/www.mathilde-bourdon.fr\/wp-content\/uploads\/2026\/03\/24FCC4F5-17AD-406D-8E7A-9807550405DF-scaled-e1774707633664-768x814.jpeg\",\"contentUrl\":\"http:\/\/www.mathilde-bourdon.fr\/wp-content\/uploads\/2026\/03\/24FCC4F5-17AD-406D-8E7A-9807550405DF-scaled-e1774707633664-768x814.jpeg\"},{\"@type\":\"BreadcrumbList\",\"@id\":\"https:\/\/www.mathilde-bourdon.fr\/index.php\/formation\/#breadcrumb\",\"itemListElement\":[{\"@type\":\"ListItem\",\"position\":1,\"name\":\"Accueil\",\"item\":\"https:\/\/www.mathilde-bourdon.fr\/\"},{\"@type\":\"ListItem\",\"position\":2,\"name\":\"Formation\"}]},{\"@type\":\"WebSite\",\"@id\":\"https:\/\/www.mathilde-bourdon.fr\/#website\",\"url\":\"https:\/\/www.mathilde-bourdon.fr\/\",\"name\":\"WELCOME IN MY WORLD\",\"description\":\"\",\"potentialAction\":[{\"@type\":\"SearchAction\",\"target\":{\"@type\":\"EntryPoint\",\"urlTemplate\":\"https:\/\/www.mathilde-bourdon.fr\/?s={search_term_string}\"},\"query-input\":{\"@type\":\"PropertyValueSpecification\",\"valueRequired\":true,\"valueName\":\"search_term_string\"}}],\"inLanguage\":\"fr-FR\"}]}<\/script>\n<!-- \/ Yoast SEO plugin. -->","yoast_head_json":{"title":"Formation - WELCOME IN MY WORLD","robots":{"index":"index","follow":"follow","max-snippet":"max-snippet:-1","max-image-preview":"max-image-preview:large","max-video-preview":"max-video-preview:-1"},"canonical":"https:\/\/www.mathilde-bourdon.fr\/index.php\/formation\/","og_locale":"fr_FR","og_type":"article","og_title":"Formation - WELCOME IN MY WORLD","og_description":"Mon PARCOURS scolaire 2023-2026BUT INFOCOM (Parcours publicit\u00e9)BUT INFOCOM (information &amp; communication) BUT info com \u00e0 Besan\u00e7on 2022 2022 &#8211; 20231\u00e8re ann\u00e9e de BUT MMIBUT MMI (M\u00e9tiers du Multim\u00e9dia et de l&#039;Internet ) BUT \u00e0 Dijon 2021-2022BAC ST2SBAC ST2S (Sant\u00e9 et Sociale) Lyc\u00e9e Aiguerande &#8211; Belleville en Beaujolais Projet","og_url":"https:\/\/www.mathilde-bourdon.fr\/index.php\/formation\/","og_site_name":"WELCOME IN MY WORLD","article_modified_time":"2026-03-29T12:43:23+00:00","og_image":[{"url":"http:\/\/www.mathilde-bourdon.fr\/wp-content\/uploads\/2026\/03\/24FCC4F5-17AD-406D-8E7A-9807550405DF-scaled-e1774707633664-768x814.jpeg","type":"","width":"","height":""}],"twitter_card":"summary_large_image","twitter_misc":{"Dur\u00e9e de lecture estim\u00e9e":"1 minute"},"schema":{"@context":"https:\/\/schema.org","@graph":[{"@type":"WebPage","@id":"https:\/\/www.mathilde-bourdon.fr\/index.php\/formation\/","url":"https:\/\/www.mathilde-bourdon.fr\/index.php\/formation\/","name":"Formation - WELCOME IN MY WORLD","isPartOf":{"@id":"https:\/\/www.mathilde-bourdon.fr\/#website"},"primaryImageOfPage":{"@id":"https:\/\/www.mathilde-bourdon.fr\/index.php\/formation\/#primaryimage"},"image":{"@id":"https:\/\/www.mathilde-bourdon.fr\/index.php\/formation\/#primaryimage"},"thumbnailUrl":"http:\/\/www.mathilde-bourdon.fr\/wp-content\/uploads\/2026\/03\/24FCC4F5-17AD-406D-8E7A-9807550405DF-scaled-e1774707633664-768x814.jpeg","datePublished":"2024-11-16T14:51:30+00:00","dateModified":"2026-03-29T12:43:23+00:00","breadcrumb":{"@id":"https:\/\/www.mathilde-bourdon.fr\/index.php\/formation\/#breadcrumb"},"inLanguage":"fr-FR","potentialAction":[{"@type":"ReadAction","target":["https:\/\/www.mathilde-bourdon.fr\/index.php\/formation\/"]}]},{"@type":"ImageObject","inLanguage":"fr-FR","@id":"https:\/\/www.mathilde-bourdon.fr\/index.php\/formation\/#primaryimage","url":"http:\/\/www.mathilde-bourdon.fr\/wp-content\/uploads\/2026\/03\/24FCC4F5-17AD-406D-8E7A-9807550405DF-scaled-e1774707633664-768x814.jpeg","contentUrl":"http:\/\/www.mathilde-bourdon.fr\/wp-content\/uploads\/2026\/03\/24FCC4F5-17AD-406D-8E7A-9807550405DF-scaled-e1774707633664-768x814.jpeg"},{"@type":"BreadcrumbList","@id":"https:\/\/www.mathilde-bourdon.fr\/index.php\/formation\/#breadcrumb","itemListElement":[{"@type":"ListItem","position":1,"name":"Accueil","item":"https:\/\/www.mathilde-bourdon.fr\/"},{"@type":"ListItem","position":2,"name":"Formation"}]},{"@type":"WebSite","@id":"https:\/\/www.mathilde-bourdon.fr\/#website","url":"https:\/\/www.mathilde-bourdon.fr\/","name":"WELCOME IN MY WORLD","description":"","potentialAction":[{"@type":"SearchAction","target":{"@type":"EntryPoint","urlTemplate":"https:\/\/www.mathilde-bourdon.fr\/?s={search_term_string}"},"query-input":{"@type":"PropertyValueSpecification","valueRequired":true,"valueName":"search_term_string"}}],"inLanguage":"fr-FR"}]}},"_links":{"self":[{"href":"https:\/\/www.mathilde-bourdon.fr\/index.php\/wp-json\/wp\/v2\/pages\/264","targetHints":{"allow":["GET"]}}],"collection":[{"href":"https:\/\/www.mathilde-bourdon.fr\/index.php\/wp-json\/wp\/v2\/pages"}],"about":[{"href":"https:\/\/www.mathilde-bourdon.fr\/index.php\/wp-json\/wp\/v2\/types\/page"}],"author":[{"embeddable":true,"href":"https:\/\/www.mathilde-bourdon.fr\/index.php\/wp-json\/wp\/v2\/users\/1"}],"replies":[{"embeddable":true,"href":"https:\/\/www.mathilde-bourdon.fr\/index.php\/wp-json\/wp\/v2\/comments?post=264"}],"version-history":[{"count":26,"href":"https:\/\/www.mathilde-bourdon.fr\/index.php\/wp-json\/wp\/v2\/pages\/264\/revisions"}],"predecessor-version":[{"id":1084,"href":"https:\/\/www.mathilde-bourdon.fr\/index.php\/wp-json\/wp\/v2\/pages\/264\/revisions\/1084"}],"wp:attachment":[{"href":"https:\/\/www.mathilde-bourdon.fr\/index.php\/wp-json\/wp\/v2\/media?parent=264"}],"curies":[{"name":"wp","href":"https:\/\/api.w.org\/{rel}","templated":true}]}}