{"id":41,"date":"2024-11-04T10:06:48","date_gmt":"2024-11-04T09:06:48","guid":{"rendered":"http:\/\/www.mathilde-bourdon.fr\/?page_id=41"},"modified":"2026-03-22T13:16:45","modified_gmt":"2026-03-22T12:16:45","slug":"a-propos","status":"publish","type":"page","link":"https:\/\/www.mathilde-bourdon.fr\/index.php\/a-propos\/","title":{"rendered":"A propos"},"content":{"rendered":"\t\t<div data-elementor-type=\"wp-page\" data-elementor-id=\"41\" class=\"elementor elementor-41\">\n\t\t\t\t<div class=\"elementor-element elementor-element-f48a781 e-flex e-con-boxed wpr-particle-no wpr-jarallax-no wpr-parallax-no wpr-sticky-section-no e-con e-parent\" data-id=\"f48a781\" data-element_type=\"container\" data-e-type=\"container\">\n\t\t\t\t\t<div class=\"e-con-inner\">\n\t\t\t\t<div class=\"elementor-element elementor-element-34d18bd elementor-widget elementor-widget-spacer\" data-id=\"34d18bd\" data-element_type=\"widget\" data-e-type=\"widget\" data-widget_type=\"spacer.default\">\n\t\t\t\t<div class=\"elementor-widget-container\">\n\t\t\t\t\t\t\t<div class=\"elementor-spacer\">\n\t\t\t<div class=\"elementor-spacer-inner\"><\/div>\n\t\t<\/div>\n\t\t\t\t\t\t<\/div>\n\t\t\t\t<\/div>\n\t\t\t\t\t<\/div>\n\t\t\t\t<\/div>\n\t\t<div class=\"elementor-element elementor-element-5042177 e-flex e-con-boxed wpr-particle-no wpr-jarallax-no wpr-parallax-no wpr-sticky-section-no e-con e-parent\" data-id=\"5042177\" data-element_type=\"container\" data-e-type=\"container\">\n\t\t\t\t\t<div class=\"e-con-inner\">\n\t\t\t\t\t<\/div>\n\t\t\t\t<\/div>\n\t\t<div class=\"elementor-element elementor-element-ab828ff e-flex e-con-boxed wpr-particle-no wpr-jarallax-no wpr-parallax-no wpr-sticky-section-no e-con e-parent\" data-id=\"ab828ff\" data-element_type=\"container\" data-e-type=\"container\">\n\t\t\t\t\t<div class=\"e-con-inner\">\n\t\t<div class=\"elementor-element elementor-element-00ce5b3 e-con-full e-flex wpr-particle-no wpr-jarallax-no wpr-parallax-no wpr-sticky-section-no e-con e-child\" data-id=\"00ce5b3\" data-element_type=\"container\" data-e-type=\"container\">\n\t\t\t\t<div class=\"elementor-element elementor-element-1c4e5b4 elementor-widget elementor-widget-heading\" data-id=\"1c4e5b4\" data-element_type=\"widget\" data-e-type=\"widget\" data-widget_type=\"heading.default\">\n\t\t\t\t<div class=\"elementor-widget-container\">\n\t\t\t\t\t<h1 class=\"elementor-heading-title elementor-size-default\">WELCOME IN MY WORLD ! <\/h1>\t\t\t\t<\/div>\n\t\t\t\t<\/div>\n\t\t\t\t<div class=\"elementor-element elementor-element-8d5bad3 elementor-widget elementor-widget-text-editor\" data-id=\"8d5bad3\" data-element_type=\"widget\" data-e-type=\"widget\" data-widget_type=\"text-editor.default\">\n\t\t\t\t<div class=\"elementor-widget-container\">\n\t\t\t\t\t\t\t\t\t<p><strong>Hello ! Moi, c\u2019est Mathilde !<\/strong><\/p><p>J\u2019ai 21 ans et je suis actuellement en <strong>BUT Information et Communication<\/strong>. Passionn\u00e9e par le monde de la cr\u00e9ation et de l\u2019expression, je me sp\u00e9cialise dans la <strong>photographie sportive<\/strong>, une discipline qui me permet de capturer des instants charg\u00e9s d\u2019\u00e9nergie et d\u2019\u00e9motions. Cette activit\u00e9, que je pratique avec d\u00e9vouement, s\u2019inscrit parfaitement dans mon alternance au sein d\u2019un club sportif professionnel, o\u00f9 je mets en pratique mes comp\u00e9tences tout en d\u00e9couvrant les coulisses d\u2019un milieu stimulant.<\/p><p>Au-del\u00e0 de la photographie, je suis une grande amatrice d\u2019<strong>art, de musique et de culture<\/strong> en g\u00e9n\u00e9ral. Ces passions m\u2019inspirent au quotidien et enrichissent ma mani\u00e8re d\u2019aborder mes projets. Entre cr\u00e9ativit\u00e9 et rigueur, je m\u2019\u00e9panouis en explorant des id\u00e9es nouvelles et en perfectionnant mes savoir-faire.<\/p><p>Toujours curieuse et en qu\u00eate de d\u00e9fis, j\u2019aime repousser mes limites, apprendre, et partager ma vision \u00e0 travers mon travail. Mon objectif ? Faire de ma passion un v\u00e9ritable moteur de r\u00e9ussite professionnelle et personnelle !<\/p>\t\t\t\t\t\t\t\t<\/div>\n\t\t\t\t<\/div>\n\t\t\t\t<\/div>\n\t\t<div class=\"elementor-element elementor-element-c4c5567 e-con-full e-flex wpr-particle-no wpr-jarallax-no wpr-parallax-no wpr-sticky-section-no e-con e-child\" data-id=\"c4c5567\" data-element_type=\"container\" data-e-type=\"container\">\n\t\t\t\t<div class=\"elementor-element elementor-element-5970b20 elementor-widget elementor-widget-video\" data-id=\"5970b20\" data-element_type=\"widget\" data-e-type=\"widget\" data-settings=\"{&quot;video_type&quot;:&quot;hosted&quot;,&quot;autoplay&quot;:&quot;yes&quot;,&quot;play_on_mobile&quot;:&quot;yes&quot;,&quot;loop&quot;:&quot;yes&quot;,&quot;controls&quot;:&quot;yes&quot;}\" data-widget_type=\"video.default\">\n\t\t\t\t<div class=\"elementor-widget-container\">\n\t\t\t\t\t\t\t<div class=\"e-hosted-video elementor-wrapper elementor-open-inline\">\n\t\t\t\t\t<video class=\"elementor-video\" src=\"http:\/\/www.mathilde-bourdon.fr\/wp-content\/uploads\/2026\/03\/me.mp4\" autoplay=\"\" loop=\"\" controls=\"\" playsinline=\"\" controlsList=\"nodownload\"><\/video>\n\t\t\t\t<\/div>\n\t\t\t\t\t\t<\/div>\n\t\t\t\t<\/div>\n\t\t\t\t<\/div>\n\t\t\t\t\t<\/div>\n\t\t\t\t<\/div>\n\t\t<div class=\"elementor-element elementor-element-37f2650 e-flex e-con-boxed wpr-particle-no wpr-jarallax-no wpr-parallax-no wpr-sticky-section-no e-con e-parent\" data-id=\"37f2650\" data-element_type=\"container\" data-e-type=\"container\">\n\t\t\t\t\t<div class=\"e-con-inner\">\n\t\t\t\t\t<\/div>\n\t\t\t\t<\/div>\n\t\t\t\t<\/div>\n\t\t","protected":false},"excerpt":{"rendered":"<p>WELCOME IN MY WORLD ! Hello ! Moi, c\u2019est Mathilde ! J\u2019ai 21 ans et je suis actuellement en BUT Information et Communication. Passionn\u00e9e par le monde de la cr\u00e9ation et de l\u2019expression, je me sp\u00e9cialise dans la photographie sportive, une discipline qui me permet de capturer des instants charg\u00e9s d\u2019\u00e9nergie et d\u2019\u00e9motions. Cette activit\u00e9, que je pratique avec d\u00e9vouement, s\u2019inscrit parfaitement dans mon alternance au sein d\u2019un club sportif professionnel, o\u00f9 je mets en pratique mes comp\u00e9tences tout en d\u00e9couvrant les coulisses d\u2019un milieu stimulant. Au-del\u00e0 de la photographie, je suis une grande amatrice d\u2019art, de musique et de culture en g\u00e9n\u00e9ral. Ces passions m\u2019inspirent au quotidien et enrichissent ma mani\u00e8re d\u2019aborder mes projets. Entre cr\u00e9ativit\u00e9 et rigueur, je m\u2019\u00e9panouis en explorant des id\u00e9es nouvelles et en perfectionnant mes savoir-faire. Toujours curieuse et en qu\u00eate de d\u00e9fis, j\u2019aime repousser mes limites, apprendre, et partager ma vision \u00e0 travers mon travail. Mon objectif ? Faire de ma passion un v\u00e9ritable moteur de r\u00e9ussite professionnelle et personnelle ! http:\/\/www.mathilde-bourdon.fr\/wp-content\/uploads\/2026\/03\/me.mp4<\/p>\n","protected":false},"author":1,"featured_media":0,"parent":0,"menu_order":0,"comment_status":"closed","ping_status":"closed","template":"","meta":{"inline_featured_image":false,"footnotes":""},"class_list":["post-41","page","type-page","status-publish","hentry"],"yoast_head":"<!-- This site is optimized with the Yoast SEO plugin v24.0 - https:\/\/yoast.com\/wordpress\/plugins\/seo\/ -->\n<title>A propos - WELCOME IN MY WORLD<\/title>\n<meta name=\"robots\" content=\"index, follow, max-snippet:-1, max-image-preview:large, max-video-preview:-1\" \/>\n<link rel=\"canonical\" href=\"https:\/\/www.mathilde-bourdon.fr\/index.php\/a-propos\/\" \/>\n<meta property=\"og:locale\" content=\"fr_FR\" \/>\n<meta property=\"og:type\" content=\"article\" \/>\n<meta property=\"og:title\" content=\"A propos - WELCOME IN MY WORLD\" \/>\n<meta property=\"og:description\" content=\"WELCOME IN MY WORLD ! Hello ! Moi, c\u2019est Mathilde ! J\u2019ai 21 ans et je suis actuellement en BUT Information et Communication. Passionn\u00e9e par le monde de la cr\u00e9ation et de l\u2019expression, je me sp\u00e9cialise dans la photographie sportive, une discipline qui me permet de capturer des instants charg\u00e9s d\u2019\u00e9nergie et d\u2019\u00e9motions. Cette activit\u00e9, que je pratique avec d\u00e9vouement, s\u2019inscrit parfaitement dans mon alternance au sein d\u2019un club sportif professionnel, o\u00f9 je mets en pratique mes comp\u00e9tences tout en d\u00e9couvrant les coulisses d\u2019un milieu stimulant. Au-del\u00e0 de la photographie, je suis une grande amatrice d\u2019art, de musique et de culture en g\u00e9n\u00e9ral. Ces passions m\u2019inspirent au quotidien et enrichissent ma mani\u00e8re d\u2019aborder mes projets. Entre cr\u00e9ativit\u00e9 et rigueur, je m\u2019\u00e9panouis en explorant des id\u00e9es nouvelles et en perfectionnant mes savoir-faire. Toujours curieuse et en qu\u00eate de d\u00e9fis, j\u2019aime repousser mes limites, apprendre, et partager ma vision \u00e0 travers mon travail. Mon objectif ? Faire de ma passion un v\u00e9ritable moteur de r\u00e9ussite professionnelle et personnelle ! http:\/\/www.mathilde-bourdon.fr\/wp-content\/uploads\/2026\/03\/me.mp4\" \/>\n<meta property=\"og:url\" content=\"https:\/\/www.mathilde-bourdon.fr\/index.php\/a-propos\/\" \/>\n<meta property=\"og:site_name\" content=\"WELCOME IN MY WORLD\" \/>\n<meta property=\"article:modified_time\" content=\"2026-03-22T12:16:45+00:00\" \/>\n<meta name=\"twitter:card\" content=\"summary_large_image\" \/>\n<meta name=\"twitter:label1\" content=\"Dur\u00e9e de lecture estim\u00e9e\" \/>\n\t<meta name=\"twitter:data1\" content=\"1 minute\" \/>\n<script type=\"application\/ld+json\" class=\"yoast-schema-graph\">{\"@context\":\"https:\/\/schema.org\",\"@graph\":[{\"@type\":\"WebPage\",\"@id\":\"https:\/\/www.mathilde-bourdon.fr\/index.php\/a-propos\/\",\"url\":\"https:\/\/www.mathilde-bourdon.fr\/index.php\/a-propos\/\",\"name\":\"A propos - WELCOME IN MY WORLD\",\"isPartOf\":{\"@id\":\"https:\/\/www.mathilde-bourdon.fr\/#website\"},\"datePublished\":\"2024-11-04T09:06:48+00:00\",\"dateModified\":\"2026-03-22T12:16:45+00:00\",\"breadcrumb\":{\"@id\":\"https:\/\/www.mathilde-bourdon.fr\/index.php\/a-propos\/#breadcrumb\"},\"inLanguage\":\"fr-FR\",\"potentialAction\":[{\"@type\":\"ReadAction\",\"target\":[\"https:\/\/www.mathilde-bourdon.fr\/index.php\/a-propos\/\"]}]},{\"@type\":\"BreadcrumbList\",\"@id\":\"https:\/\/www.mathilde-bourdon.fr\/index.php\/a-propos\/#breadcrumb\",\"itemListElement\":[{\"@type\":\"ListItem\",\"position\":1,\"name\":\"Accueil\",\"item\":\"https:\/\/www.mathilde-bourdon.fr\/\"},{\"@type\":\"ListItem\",\"position\":2,\"name\":\"A propos\"}]},{\"@type\":\"WebSite\",\"@id\":\"https:\/\/www.mathilde-bourdon.fr\/#website\",\"url\":\"https:\/\/www.mathilde-bourdon.fr\/\",\"name\":\"WELCOME IN MY WORLD\",\"description\":\"\",\"potentialAction\":[{\"@type\":\"SearchAction\",\"target\":{\"@type\":\"EntryPoint\",\"urlTemplate\":\"https:\/\/www.mathilde-bourdon.fr\/?s={search_term_string}\"},\"query-input\":{\"@type\":\"PropertyValueSpecification\",\"valueRequired\":true,\"valueName\":\"search_term_string\"}}],\"inLanguage\":\"fr-FR\"}]}<\/script>\n<!-- \/ Yoast SEO plugin. -->","yoast_head_json":{"title":"A propos - WELCOME IN MY WORLD","robots":{"index":"index","follow":"follow","max-snippet":"max-snippet:-1","max-image-preview":"max-image-preview:large","max-video-preview":"max-video-preview:-1"},"canonical":"https:\/\/www.mathilde-bourdon.fr\/index.php\/a-propos\/","og_locale":"fr_FR","og_type":"article","og_title":"A propos - WELCOME IN MY WORLD","og_description":"WELCOME IN MY WORLD ! Hello ! Moi, c\u2019est Mathilde ! J\u2019ai 21 ans et je suis actuellement en BUT Information et Communication. Passionn\u00e9e par le monde de la cr\u00e9ation et de l\u2019expression, je me sp\u00e9cialise dans la photographie sportive, une discipline qui me permet de capturer des instants charg\u00e9s d\u2019\u00e9nergie et d\u2019\u00e9motions. Cette activit\u00e9, que je pratique avec d\u00e9vouement, s\u2019inscrit parfaitement dans mon alternance au sein d\u2019un club sportif professionnel, o\u00f9 je mets en pratique mes comp\u00e9tences tout en d\u00e9couvrant les coulisses d\u2019un milieu stimulant. Au-del\u00e0 de la photographie, je suis une grande amatrice d\u2019art, de musique et de culture en g\u00e9n\u00e9ral. Ces passions m\u2019inspirent au quotidien et enrichissent ma mani\u00e8re d\u2019aborder mes projets. Entre cr\u00e9ativit\u00e9 et rigueur, je m\u2019\u00e9panouis en explorant des id\u00e9es nouvelles et en perfectionnant mes savoir-faire. Toujours curieuse et en qu\u00eate de d\u00e9fis, j\u2019aime repousser mes limites, apprendre, et partager ma vision \u00e0 travers mon travail. Mon objectif ? Faire de ma passion un v\u00e9ritable moteur de r\u00e9ussite professionnelle et personnelle ! http:\/\/www.mathilde-bourdon.fr\/wp-content\/uploads\/2026\/03\/me.mp4","og_url":"https:\/\/www.mathilde-bourdon.fr\/index.php\/a-propos\/","og_site_name":"WELCOME IN MY WORLD","article_modified_time":"2026-03-22T12:16:45+00:00","twitter_card":"summary_large_image","twitter_misc":{"Dur\u00e9e de lecture estim\u00e9e":"1 minute"},"schema":{"@context":"https:\/\/schema.org","@graph":[{"@type":"WebPage","@id":"https:\/\/www.mathilde-bourdon.fr\/index.php\/a-propos\/","url":"https:\/\/www.mathilde-bourdon.fr\/index.php\/a-propos\/","name":"A propos - WELCOME IN MY WORLD","isPartOf":{"@id":"https:\/\/www.mathilde-bourdon.fr\/#website"},"datePublished":"2024-11-04T09:06:48+00:00","dateModified":"2026-03-22T12:16:45+00:00","breadcrumb":{"@id":"https:\/\/www.mathilde-bourdon.fr\/index.php\/a-propos\/#breadcrumb"},"inLanguage":"fr-FR","potentialAction":[{"@type":"ReadAction","target":["https:\/\/www.mathilde-bourdon.fr\/index.php\/a-propos\/"]}]},{"@type":"BreadcrumbList","@id":"https:\/\/www.mathilde-bourdon.fr\/index.php\/a-propos\/#breadcrumb","itemListElement":[{"@type":"ListItem","position":1,"name":"Accueil","item":"https:\/\/www.mathilde-bourdon.fr\/"},{"@type":"ListItem","position":2,"name":"A propos"}]},{"@type":"WebSite","@id":"https:\/\/www.mathilde-bourdon.fr\/#website","url":"https:\/\/www.mathilde-bourdon.fr\/","name":"WELCOME IN MY WORLD","description":"","potentialAction":[{"@type":"SearchAction","target":{"@type":"EntryPoint","urlTemplate":"https:\/\/www.mathilde-bourdon.fr\/?s={search_term_string}"},"query-input":{"@type":"PropertyValueSpecification","valueRequired":true,"valueName":"search_term_string"}}],"inLanguage":"fr-FR"}]}},"_links":{"self":[{"href":"https:\/\/www.mathilde-bourdon.fr\/index.php\/wp-json\/wp\/v2\/pages\/41","targetHints":{"allow":["GET"]}}],"collection":[{"href":"https:\/\/www.mathilde-bourdon.fr\/index.php\/wp-json\/wp\/v2\/pages"}],"about":[{"href":"https:\/\/www.mathilde-bourdon.fr\/index.php\/wp-json\/wp\/v2\/types\/page"}],"author":[{"embeddable":true,"href":"https:\/\/www.mathilde-bourdon.fr\/index.php\/wp-json\/wp\/v2\/users\/1"}],"replies":[{"embeddable":true,"href":"https:\/\/www.mathilde-bourdon.fr\/index.php\/wp-json\/wp\/v2\/comments?post=41"}],"version-history":[{"count":40,"href":"https:\/\/www.mathilde-bourdon.fr\/index.php\/wp-json\/wp\/v2\/pages\/41\/revisions"}],"predecessor-version":[{"id":856,"href":"https:\/\/www.mathilde-bourdon.fr\/index.php\/wp-json\/wp\/v2\/pages\/41\/revisions\/856"}],"wp:attachment":[{"href":"https:\/\/www.mathilde-bourdon.fr\/index.php\/wp-json\/wp\/v2\/media?parent=41"}],"curies":[{"name":"wp","href":"https:\/\/api.w.org\/{rel}","templated":true}]}}