{"id":996,"date":"2026-03-28T15:27:57","date_gmt":"2026-03-28T14:27:57","guid":{"rendered":"https:\/\/www.mathilde-bourdon.fr\/?page_id=996"},"modified":"2026-03-28T15:47:55","modified_gmt":"2026-03-28T14:47:55","slug":"elementor-996","status":"publish","type":"page","link":"https:\/\/www.mathilde-bourdon.fr\/index.php\/elementor-996\/","title":{"rendered":"Pub arc teryx"},"content":{"rendered":"\t\t<div data-elementor-type=\"wp-page\" data-elementor-id=\"996\" class=\"elementor elementor-996\">\n\t\t\t\t<div class=\"elementor-element elementor-element-457947f e-flex e-con-boxed wpr-particle-no wpr-jarallax-no wpr-parallax-no wpr-sticky-section-no e-con e-parent\" data-id=\"457947f\" data-element_type=\"container\" data-e-type=\"container\">\n\t\t\t\t\t<div class=\"e-con-inner\">\n\t\t\t\t<div class=\"elementor-element elementor-element-74ae289 elementor-widget elementor-widget-heading\" data-id=\"74ae289\" data-element_type=\"widget\" data-e-type=\"widget\" data-widget_type=\"heading.default\">\n\t\t\t\t<div class=\"elementor-widget-container\">\n\t\t\t\t\t<h2 class=\"elementor-heading-title elementor-size-default\">PUB ARC ' TERYX<\/h2>\t\t\t\t<\/div>\n\t\t\t\t<\/div>\n\t\t\t\t<div class=\"elementor-element elementor-element-29b0d69 elementor-widget elementor-widget-text-editor\" data-id=\"29b0d69\" data-element_type=\"widget\" data-e-type=\"widget\" data-widget_type=\"text-editor.default\">\n\t\t\t\t<div class=\"elementor-widget-container\">\n\t\t\t\t\t\t\t\t\t<p class=\"isSelectedEnd\">Dans le cadre d\u2019un projet scolaire, j\u2019ai r\u00e9alis\u00e9 une publicit\u00e9 vid\u00e9o d\u2019environ 30 secondes \u00e0 partir d\u2019un objet improvis\u00e9 trouv\u00e9 en classe. J\u2019ai choisi de mettre en sc\u00e8ne une veste Arc\u2019teryx, en la transformant en produit central de la narration.<\/p><p class=\"isSelectedEnd\">L\u2019objectif \u00e9tait de cr\u00e9er une publicit\u00e9 courte mais impactante, en m\u2019inspirant des codes des marques outdoor : plans dynamiques, mise en valeur du produit et ambiance immersive. J\u2019ai construit une mini-histoire autour de la veste, en mettant en avant son aspect technique et sa capacit\u00e9 \u00e0 s\u2019adapter \u00e0 diff\u00e9rentes situations, m\u00eame dans un environnement scolaire.<\/p><p class=\"isSelectedEnd\">Ce projet m\u2019a permis de travailler la cr\u00e9ation d\u2019un concept, le cadrage, ainsi que le montage vid\u00e9o. Avec des contraintes simples, j\u2019ai d\u00fb faire preuve de cr\u00e9ativit\u00e9 pour donner de la valeur \u00e0 un objet du quotidien et capter l\u2019attention en quelques secondes.<\/p>\t\t\t\t\t\t\t\t<\/div>\n\t\t\t\t<\/div>\n\t\t\t\t<div class=\"elementor-element elementor-element-c0a8481 elementor-widget elementor-widget-video\" data-id=\"c0a8481\" data-element_type=\"widget\" data-e-type=\"widget\" data-settings=\"{&quot;video_type&quot;:&quot;hosted&quot;,&quot;autoplay&quot;:&quot;yes&quot;,&quot;controls&quot;:&quot;yes&quot;}\" data-widget_type=\"video.default\">\n\t\t\t\t<div class=\"elementor-widget-container\">\n\t\t\t\t\t\t\t<div class=\"e-hosted-video elementor-wrapper elementor-open-inline\">\n\t\t\t\t\t<video class=\"elementor-video\" src=\"http:\/\/www.mathilde-bourdon.fr\/wp-content\/uploads\/2026\/03\/mathilde-bourdon.mp4\" autoplay=\"\" controls=\"\" controlsList=\"nodownload\"><\/video>\n\t\t\t\t<\/div>\n\t\t\t\t\t\t<\/div>\n\t\t\t\t<\/div>\n\t\t\t\t\t<\/div>\n\t\t\t\t<\/div>\n\t\t<div class=\"elementor-element elementor-element-d27b1a3 e-flex e-con-boxed wpr-particle-no wpr-jarallax-no wpr-parallax-no wpr-sticky-section-no e-con e-parent\" data-id=\"d27b1a3\" data-element_type=\"container\" data-e-type=\"container\">\n\t\t\t\t\t<div class=\"e-con-inner\">\n\t\t<div class=\"elementor-element elementor-element-90972ed e-con-full e-flex wpr-particle-no wpr-jarallax-no wpr-parallax-no wpr-sticky-section-no e-con e-child\" data-id=\"90972ed\" data-element_type=\"container\" data-e-type=\"container\">\n\t\t\t\t<\/div>\n\t\t<div class=\"elementor-element elementor-element-eb42852 e-con-full e-flex wpr-particle-no wpr-jarallax-no wpr-parallax-no wpr-sticky-section-no e-con e-child\" data-id=\"eb42852\" data-element_type=\"container\" data-e-type=\"container\">\n\t\t\t\t<\/div>\n\t\t\t\t\t<\/div>\n\t\t\t\t<\/div>\n\t\t\t\t<\/div>\n\t\t","protected":false},"excerpt":{"rendered":"<p>PUB ARC &lsquo; TERYX Dans le cadre d\u2019un projet scolaire, j\u2019ai r\u00e9alis\u00e9 une publicit\u00e9 vid\u00e9o d\u2019environ 30 secondes \u00e0 partir d\u2019un objet improvis\u00e9 trouv\u00e9 en classe. J\u2019ai choisi de mettre en sc\u00e8ne une veste Arc\u2019teryx, en la transformant en produit central de la narration. L\u2019objectif \u00e9tait de cr\u00e9er une publicit\u00e9 courte mais impactante, en m\u2019inspirant des codes des marques outdoor : plans dynamiques, mise en valeur du produit et ambiance immersive. J\u2019ai construit une mini-histoire autour de la veste, en mettant en avant son aspect technique et sa capacit\u00e9 \u00e0 s\u2019adapter \u00e0 diff\u00e9rentes situations, m\u00eame dans un environnement scolaire. Ce projet m\u2019a permis de travailler la cr\u00e9ation d\u2019un concept, le cadrage, ainsi que le montage vid\u00e9o. Avec des contraintes simples, j\u2019ai d\u00fb faire preuve de cr\u00e9ativit\u00e9 pour donner de la valeur \u00e0 un objet du quotidien et capter l\u2019attention en quelques secondes. http:\/\/www.mathilde-bourdon.fr\/wp-content\/uploads\/2026\/03\/mathilde-bourdon.mp4<\/p>\n","protected":false},"author":1,"featured_media":0,"parent":0,"menu_order":0,"comment_status":"closed","ping_status":"closed","template":"","meta":{"inline_featured_image":false,"footnotes":""},"class_list":["post-996","page","type-page","status-publish","hentry"],"yoast_head":"<!-- This site is optimized with the Yoast SEO plugin v24.0 - https:\/\/yoast.com\/wordpress\/plugins\/seo\/ -->\n<title>Pub arc teryx - WELCOME IN MY WORLD<\/title>\n<meta name=\"robots\" content=\"index, follow, max-snippet:-1, max-image-preview:large, max-video-preview:-1\" \/>\n<link rel=\"canonical\" href=\"https:\/\/www.mathilde-bourdon.fr\/index.php\/elementor-996\/\" \/>\n<meta property=\"og:locale\" content=\"fr_FR\" \/>\n<meta property=\"og:type\" content=\"article\" \/>\n<meta property=\"og:title\" content=\"Pub arc teryx - WELCOME IN MY WORLD\" \/>\n<meta property=\"og:description\" content=\"PUB ARC &lsquo; TERYX Dans le cadre d\u2019un projet scolaire, j\u2019ai r\u00e9alis\u00e9 une publicit\u00e9 vid\u00e9o d\u2019environ 30 secondes \u00e0 partir d\u2019un objet improvis\u00e9 trouv\u00e9 en classe. J\u2019ai choisi de mettre en sc\u00e8ne une veste Arc\u2019teryx, en la transformant en produit central de la narration. L\u2019objectif \u00e9tait de cr\u00e9er une publicit\u00e9 courte mais impactante, en m\u2019inspirant des codes des marques outdoor : plans dynamiques, mise en valeur du produit et ambiance immersive. J\u2019ai construit une mini-histoire autour de la veste, en mettant en avant son aspect technique et sa capacit\u00e9 \u00e0 s\u2019adapter \u00e0 diff\u00e9rentes situations, m\u00eame dans un environnement scolaire. Ce projet m\u2019a permis de travailler la cr\u00e9ation d\u2019un concept, le cadrage, ainsi que le montage vid\u00e9o. Avec des contraintes simples, j\u2019ai d\u00fb faire preuve de cr\u00e9ativit\u00e9 pour donner de la valeur \u00e0 un objet du quotidien et capter l\u2019attention en quelques secondes. http:\/\/www.mathilde-bourdon.fr\/wp-content\/uploads\/2026\/03\/mathilde-bourdon.mp4\" \/>\n<meta property=\"og:url\" content=\"https:\/\/www.mathilde-bourdon.fr\/index.php\/elementor-996\/\" \/>\n<meta property=\"og:site_name\" content=\"WELCOME IN MY WORLD\" \/>\n<meta property=\"article:modified_time\" content=\"2026-03-28T14:47:55+00:00\" \/>\n<meta name=\"twitter:card\" content=\"summary_large_image\" \/>\n<meta name=\"twitter:label1\" content=\"Dur\u00e9e de lecture estim\u00e9e\" \/>\n\t<meta name=\"twitter:data1\" content=\"1 minute\" \/>\n<script type=\"application\/ld+json\" class=\"yoast-schema-graph\">{\"@context\":\"https:\/\/schema.org\",\"@graph\":[{\"@type\":\"WebPage\",\"@id\":\"https:\/\/www.mathilde-bourdon.fr\/index.php\/elementor-996\/\",\"url\":\"https:\/\/www.mathilde-bourdon.fr\/index.php\/elementor-996\/\",\"name\":\"Pub arc teryx - WELCOME IN MY WORLD\",\"isPartOf\":{\"@id\":\"https:\/\/www.mathilde-bourdon.fr\/#website\"},\"datePublished\":\"2026-03-28T14:27:57+00:00\",\"dateModified\":\"2026-03-28T14:47:55+00:00\",\"breadcrumb\":{\"@id\":\"https:\/\/www.mathilde-bourdon.fr\/index.php\/elementor-996\/#breadcrumb\"},\"inLanguage\":\"fr-FR\",\"potentialAction\":[{\"@type\":\"ReadAction\",\"target\":[\"https:\/\/www.mathilde-bourdon.fr\/index.php\/elementor-996\/\"]}]},{\"@type\":\"BreadcrumbList\",\"@id\":\"https:\/\/www.mathilde-bourdon.fr\/index.php\/elementor-996\/#breadcrumb\",\"itemListElement\":[{\"@type\":\"ListItem\",\"position\":1,\"name\":\"Accueil\",\"item\":\"https:\/\/www.mathilde-bourdon.fr\/\"},{\"@type\":\"ListItem\",\"position\":2,\"name\":\"Pub arc teryx\"}]},{\"@type\":\"WebSite\",\"@id\":\"https:\/\/www.mathilde-bourdon.fr\/#website\",\"url\":\"https:\/\/www.mathilde-bourdon.fr\/\",\"name\":\"WELCOME IN MY WORLD\",\"description\":\"\",\"potentialAction\":[{\"@type\":\"SearchAction\",\"target\":{\"@type\":\"EntryPoint\",\"urlTemplate\":\"https:\/\/www.mathilde-bourdon.fr\/?s={search_term_string}\"},\"query-input\":{\"@type\":\"PropertyValueSpecification\",\"valueRequired\":true,\"valueName\":\"search_term_string\"}}],\"inLanguage\":\"fr-FR\"}]}<\/script>\n<!-- \/ Yoast SEO plugin. -->","yoast_head_json":{"title":"Pub arc teryx - WELCOME IN MY WORLD","robots":{"index":"index","follow":"follow","max-snippet":"max-snippet:-1","max-image-preview":"max-image-preview:large","max-video-preview":"max-video-preview:-1"},"canonical":"https:\/\/www.mathilde-bourdon.fr\/index.php\/elementor-996\/","og_locale":"fr_FR","og_type":"article","og_title":"Pub arc teryx - WELCOME IN MY WORLD","og_description":"PUB ARC &lsquo; TERYX Dans le cadre d\u2019un projet scolaire, j\u2019ai r\u00e9alis\u00e9 une publicit\u00e9 vid\u00e9o d\u2019environ 30 secondes \u00e0 partir d\u2019un objet improvis\u00e9 trouv\u00e9 en classe. J\u2019ai choisi de mettre en sc\u00e8ne une veste Arc\u2019teryx, en la transformant en produit central de la narration. L\u2019objectif \u00e9tait de cr\u00e9er une publicit\u00e9 courte mais impactante, en m\u2019inspirant des codes des marques outdoor : plans dynamiques, mise en valeur du produit et ambiance immersive. J\u2019ai construit une mini-histoire autour de la veste, en mettant en avant son aspect technique et sa capacit\u00e9 \u00e0 s\u2019adapter \u00e0 diff\u00e9rentes situations, m\u00eame dans un environnement scolaire. Ce projet m\u2019a permis de travailler la cr\u00e9ation d\u2019un concept, le cadrage, ainsi que le montage vid\u00e9o. Avec des contraintes simples, j\u2019ai d\u00fb faire preuve de cr\u00e9ativit\u00e9 pour donner de la valeur \u00e0 un objet du quotidien et capter l\u2019attention en quelques secondes. http:\/\/www.mathilde-bourdon.fr\/wp-content\/uploads\/2026\/03\/mathilde-bourdon.mp4","og_url":"https:\/\/www.mathilde-bourdon.fr\/index.php\/elementor-996\/","og_site_name":"WELCOME IN MY WORLD","article_modified_time":"2026-03-28T14:47:55+00:00","twitter_card":"summary_large_image","twitter_misc":{"Dur\u00e9e de lecture estim\u00e9e":"1 minute"},"schema":{"@context":"https:\/\/schema.org","@graph":[{"@type":"WebPage","@id":"https:\/\/www.mathilde-bourdon.fr\/index.php\/elementor-996\/","url":"https:\/\/www.mathilde-bourdon.fr\/index.php\/elementor-996\/","name":"Pub arc teryx - WELCOME IN MY WORLD","isPartOf":{"@id":"https:\/\/www.mathilde-bourdon.fr\/#website"},"datePublished":"2026-03-28T14:27:57+00:00","dateModified":"2026-03-28T14:47:55+00:00","breadcrumb":{"@id":"https:\/\/www.mathilde-bourdon.fr\/index.php\/elementor-996\/#breadcrumb"},"inLanguage":"fr-FR","potentialAction":[{"@type":"ReadAction","target":["https:\/\/www.mathilde-bourdon.fr\/index.php\/elementor-996\/"]}]},{"@type":"BreadcrumbList","@id":"https:\/\/www.mathilde-bourdon.fr\/index.php\/elementor-996\/#breadcrumb","itemListElement":[{"@type":"ListItem","position":1,"name":"Accueil","item":"https:\/\/www.mathilde-bourdon.fr\/"},{"@type":"ListItem","position":2,"name":"Pub arc teryx"}]},{"@type":"WebSite","@id":"https:\/\/www.mathilde-bourdon.fr\/#website","url":"https:\/\/www.mathilde-bourdon.fr\/","name":"WELCOME IN MY WORLD","description":"","potentialAction":[{"@type":"SearchAction","target":{"@type":"EntryPoint","urlTemplate":"https:\/\/www.mathilde-bourdon.fr\/?s={search_term_string}"},"query-input":{"@type":"PropertyValueSpecification","valueRequired":true,"valueName":"search_term_string"}}],"inLanguage":"fr-FR"}]}},"_links":{"self":[{"href":"https:\/\/www.mathilde-bourdon.fr\/index.php\/wp-json\/wp\/v2\/pages\/996","targetHints":{"allow":["GET"]}}],"collection":[{"href":"https:\/\/www.mathilde-bourdon.fr\/index.php\/wp-json\/wp\/v2\/pages"}],"about":[{"href":"https:\/\/www.mathilde-bourdon.fr\/index.php\/wp-json\/wp\/v2\/types\/page"}],"author":[{"embeddable":true,"href":"https:\/\/www.mathilde-bourdon.fr\/index.php\/wp-json\/wp\/v2\/users\/1"}],"replies":[{"embeddable":true,"href":"https:\/\/www.mathilde-bourdon.fr\/index.php\/wp-json\/wp\/v2\/comments?post=996"}],"version-history":[{"count":9,"href":"https:\/\/www.mathilde-bourdon.fr\/index.php\/wp-json\/wp\/v2\/pages\/996\/revisions"}],"predecessor-version":[{"id":1033,"href":"https:\/\/www.mathilde-bourdon.fr\/index.php\/wp-json\/wp\/v2\/pages\/996\/revisions\/1033"}],"wp:attachment":[{"href":"https:\/\/www.mathilde-bourdon.fr\/index.php\/wp-json\/wp\/v2\/media?parent=996"}],"curies":[{"name":"wp","href":"https:\/\/api.w.org\/{rel}","templated":true}]}}